{"id":16,"date":"2025-11-28T18:13:06","date_gmt":"2025-11-28T17:13:06","guid":{"rendered":"https:\/\/cavagnolo.exocod.dev\/?page_id=16"},"modified":"2026-02-10T21:15:49","modified_gmt":"2026-02-10T20:15:49","slug":"page-d-exemple","status":"publish","type":"page","link":"https:\/\/cavagnolo.exocod.dev\/en\/","title":{"rendered":"Accueil En"},"content":{"rendered":"<div class=\"bg-black text-white relative\"  x-data=\"heroSlider\" id=\"\">\n  \n            <div class=\"py-8 md:py-12 lg:py-16 xl:py-28 relative overflow-hidden h-full\">\n      <div class=\"container relative md:h-full text-white animate-section\">\n    <div class=\"md:flex gap-16 md:h-full \">\n      <div class=\"flex flex-col md:w-1\/2 justify-center space-y-8 md:col-span-6 h-full\">\n                              <h1 class=\"fade-in\">Please set a title for this slide<\/h1>\n                                      <div class=\"text-sm md:text-base fade-in\">Please set a content for this slide<\/div>\n                <div class=\"flex flex-wrap gap-6\">\n                  <\/div>\n      <\/div>\n          <\/div>\n  <\/div>\n<\/div>\n      <\/div>\n\n\n\n<p>Ceci est une page d\u2019exemple. C\u2019est diff\u00e9rent d\u2019un article de blog parce qu\u2019elle restera au m\u00eame endroit et appara\u00eetra dans la navigation de votre site (dans la plupart des th\u00e8mes). La plupart des gens commencent par une page \u00ab&nbsp;\u00c0 propos&nbsp;\u00bb qui les pr\u00e9sente aux personnes visitant le site. Cela pourrait ressembler \u00e0 quelque chose comme cela&nbsp;:<\/p>\n\n\n\n<blockquote class=\"wp-block-quote is-layout-flow wp-block-quote-is-layout-flow\">\n<p>Bonjour&nbsp;! Je suis un m\u00e9canicien qui aspire \u00e0 devenir acteur, et voici mon site. J\u2019habite \u00e0 Bordeaux, j\u2019ai un super chien baptis\u00e9 Russell, et j\u2019aime la vodka (ainsi qu\u2019\u00eatre surpris par la pluie soudaine lors de longues balades sur la plage au coucher du soleil).<\/p>\n<\/blockquote>\n\n\n\n<p>\u2026ou quelque chose comme cela&nbsp;:<\/p>\n\n\n\n<blockquote class=\"wp-block-quote is-layout-flow wp-block-quote-is-layout-flow\">\n<p>La soci\u00e9t\u00e9 123 Machin Truc a \u00e9t\u00e9 cr\u00e9\u00e9e en 1971, et n\u2019a cess\u00e9 de proposer au public des machins-trucs de qualit\u00e9 depuis lors. Situ\u00e9e \u00e0 Saint-Remy-en-Bouzemont-Saint-Genest-et-Isson, 123 Machin Truc emploie 2 000 personnes, et fabrique toutes sortes de bidules supers pour la communaut\u00e9 bouzemontoise.<\/p>\n<\/blockquote>\n\n\n\n<p>En tant que nouvel utilisateur ou utilisatrice de WordPress, vous devriez vous rendre sur <a href=\"https:\/\/cavagnolo.exocod.dev\/wp\/wp-admin\/\">votre tableau de bord<\/a> pour supprimer cette page et cr\u00e9er de nouvelles pages pour votre contenu. Amusez-vous bien&nbsp;!<\/p>\n","protected":false},"excerpt":{"rendered":"<p>Ceci est une page d\u2019exemple. C\u2019est diff\u00e9rent d\u2019un article de blog parce qu\u2019elle restera au &hellip; <a href=\"https:\/\/cavagnolo.exocod.dev\/en\/\">Continued<\/a><\/p>\n","protected":false},"author":1,"featured_media":0,"parent":0,"menu_order":0,"comment_status":"closed","ping_status":"open","template":"","meta":{"_acf_changed":false,"footnotes":""},"class_list":["post-16","page","type-page","status-publish","hentry"],"acf":[],"yoast_head":"<!-- This site is optimized with the Yoast SEO plugin v27.3 - https:\/\/yoast.com\/product\/yoast-seo-wordpress\/ -->\n<title>Accueil En - Cavagnolo<\/title>\n<meta name=\"robots\" content=\"index, follow, max-snippet:-1, max-image-preview:large, max-video-preview:-1\" \/>\n<link rel=\"canonical\" href=\"https:\/\/cavagnolo.exocod.dev\/\" \/>\n<meta property=\"og:locale\" content=\"en_US\" \/>\n<meta property=\"og:type\" content=\"article\" \/>\n<meta property=\"og:title\" content=\"Accueil En - Cavagnolo\" \/>\n<meta property=\"og:description\" content=\"Ceci est une page d\u2019exemple. C\u2019est diff\u00e9rent d\u2019un article de blog parce qu\u2019elle restera au &hellip; Continued\" \/>\n<meta property=\"og:url\" content=\"https:\/\/cavagnolo.exocod.dev\/\" \/>\n<meta property=\"og:site_name\" content=\"Cavagnolo\" \/>\n<meta property=\"article:modified_time\" content=\"2026-02-10T20:15:49+00:00\" \/>\n<meta name=\"twitter:card\" content=\"summary_large_image\" \/>\n<meta name=\"twitter:label1\" content=\"Est. reading time\" \/>\n\t<meta name=\"twitter:data1\" content=\"1 minute\" \/>\n<script type=\"application\/ld+json\" class=\"yoast-schema-graph\">{\"@context\":\"https:\\\/\\\/schema.org\",\"@graph\":[{\"@type\":\"WebPage\",\"@id\":\"https:\\\/\\\/cavagnolo.exocod.dev\\\/\",\"url\":\"https:\\\/\\\/cavagnolo.exocod.dev\\\/\",\"name\":\"Accueil En - Cavagnolo\",\"isPartOf\":{\"@id\":\"https:\\\/\\\/cavagnolo.exocod.dev\\\/#website\"},\"datePublished\":\"2025-11-28T17:13:06+00:00\",\"dateModified\":\"2026-02-10T20:15:49+00:00\",\"breadcrumb\":{\"@id\":\"https:\\\/\\\/cavagnolo.exocod.dev\\\/#breadcrumb\"},\"inLanguage\":\"en-US\",\"potentialAction\":[{\"@type\":\"ReadAction\",\"target\":[\"https:\\\/\\\/cavagnolo.exocod.dev\\\/\"]}]},{\"@type\":\"BreadcrumbList\",\"@id\":\"https:\\\/\\\/cavagnolo.exocod.dev\\\/#breadcrumb\",\"itemListElement\":[{\"@type\":\"ListItem\",\"position\":1,\"name\":\"Home\",\"item\":\"https:\\\/\\\/cavagnolo.exocod.dev\\\/\"},{\"@type\":\"ListItem\",\"position\":2,\"name\":\"Accueil En\"}]},{\"@type\":\"WebSite\",\"@id\":\"https:\\\/\\\/cavagnolo.exocod.dev\\\/#website\",\"url\":\"https:\\\/\\\/cavagnolo.exocod.dev\\\/\",\"name\":\"Cavagnolo\",\"description\":\"Entre tradition et Innovation\",\"publisher\":{\"@id\":\"https:\\\/\\\/cavagnolo.exocod.dev\\\/#organization\"},\"potentialAction\":[{\"@type\":\"SearchAction\",\"target\":{\"@type\":\"EntryPoint\",\"urlTemplate\":\"https:\\\/\\\/cavagnolo.exocod.dev\\\/?s={search_term_string}\"},\"query-input\":{\"@type\":\"PropertyValueSpecification\",\"valueRequired\":true,\"valueName\":\"search_term_string\"}}],\"inLanguage\":\"en-US\"},{\"@type\":\"Organization\",\"@id\":\"https:\\\/\\\/cavagnolo.exocod.dev\\\/#organization\",\"name\":\"Cavagnolo\",\"url\":\"https:\\\/\\\/cavagnolo.exocod.dev\\\/\",\"logo\":{\"@type\":\"ImageObject\",\"inLanguage\":\"en-US\",\"@id\":\"https:\\\/\\\/cavagnolo.exocod.dev\\\/#\\\/schema\\\/logo\\\/image\\\/\",\"url\":\"https:\\\/\\\/cavagnolo.exocod.dev\\\/app\\\/uploads\\\/2026\\\/02\\\/logo-cavagnolo.svg\",\"contentUrl\":\"https:\\\/\\\/cavagnolo.exocod.dev\\\/app\\\/uploads\\\/2026\\\/02\\\/logo-cavagnolo.svg\",\"width\":588,\"height\":96,\"caption\":\"Cavagnolo\"},\"image\":{\"@id\":\"https:\\\/\\\/cavagnolo.exocod.dev\\\/#\\\/schema\\\/logo\\\/image\\\/\"}}]}<\/script>\n<!-- \/ Yoast SEO plugin. -->","yoast_head_json":{"title":"Accueil En - Cavagnolo","robots":{"index":"index","follow":"follow","max-snippet":"max-snippet:-1","max-image-preview":"max-image-preview:large","max-video-preview":"max-video-preview:-1"},"canonical":"https:\/\/cavagnolo.exocod.dev\/","og_locale":"en_US","og_type":"article","og_title":"Accueil En - Cavagnolo","og_description":"Ceci est une page d\u2019exemple. C\u2019est diff\u00e9rent d\u2019un article de blog parce qu\u2019elle restera au &hellip; Continued","og_url":"https:\/\/cavagnolo.exocod.dev\/","og_site_name":"Cavagnolo","article_modified_time":"2026-02-10T20:15:49+00:00","twitter_card":"summary_large_image","twitter_misc":{"Est. reading time":"1 minute"},"schema":{"@context":"https:\/\/schema.org","@graph":[{"@type":"WebPage","@id":"https:\/\/cavagnolo.exocod.dev\/","url":"https:\/\/cavagnolo.exocod.dev\/","name":"Accueil En - Cavagnolo","isPartOf":{"@id":"https:\/\/cavagnolo.exocod.dev\/#website"},"datePublished":"2025-11-28T17:13:06+00:00","dateModified":"2026-02-10T20:15:49+00:00","breadcrumb":{"@id":"https:\/\/cavagnolo.exocod.dev\/#breadcrumb"},"inLanguage":"en-US","potentialAction":[{"@type":"ReadAction","target":["https:\/\/cavagnolo.exocod.dev\/"]}]},{"@type":"BreadcrumbList","@id":"https:\/\/cavagnolo.exocod.dev\/#breadcrumb","itemListElement":[{"@type":"ListItem","position":1,"name":"Home","item":"https:\/\/cavagnolo.exocod.dev\/"},{"@type":"ListItem","position":2,"name":"Accueil En"}]},{"@type":"WebSite","@id":"https:\/\/cavagnolo.exocod.dev\/#website","url":"https:\/\/cavagnolo.exocod.dev\/","name":"Cavagnolo","description":"Entre tradition et Innovation","publisher":{"@id":"https:\/\/cavagnolo.exocod.dev\/#organization"},"potentialAction":[{"@type":"SearchAction","target":{"@type":"EntryPoint","urlTemplate":"https:\/\/cavagnolo.exocod.dev\/?s={search_term_string}"},"query-input":{"@type":"PropertyValueSpecification","valueRequired":true,"valueName":"search_term_string"}}],"inLanguage":"en-US"},{"@type":"Organization","@id":"https:\/\/cavagnolo.exocod.dev\/#organization","name":"Cavagnolo","url":"https:\/\/cavagnolo.exocod.dev\/","logo":{"@type":"ImageObject","inLanguage":"en-US","@id":"https:\/\/cavagnolo.exocod.dev\/#\/schema\/logo\/image\/","url":"https:\/\/cavagnolo.exocod.dev\/app\/uploads\/2026\/02\/logo-cavagnolo.svg","contentUrl":"https:\/\/cavagnolo.exocod.dev\/app\/uploads\/2026\/02\/logo-cavagnolo.svg","width":588,"height":96,"caption":"Cavagnolo"},"image":{"@id":"https:\/\/cavagnolo.exocod.dev\/#\/schema\/logo\/image\/"}}]}},"_links":{"self":[{"href":"https:\/\/cavagnolo.exocod.dev\/en\/wp-json\/wp\/v2\/pages\/16","targetHints":{"allow":["GET"]}}],"collection":[{"href":"https:\/\/cavagnolo.exocod.dev\/en\/wp-json\/wp\/v2\/pages"}],"about":[{"href":"https:\/\/cavagnolo.exocod.dev\/en\/wp-json\/wp\/v2\/types\/page"}],"author":[{"embeddable":true,"href":"https:\/\/cavagnolo.exocod.dev\/en\/wp-json\/wp\/v2\/users\/1"}],"replies":[{"embeddable":true,"href":"https:\/\/cavagnolo.exocod.dev\/en\/wp-json\/wp\/v2\/comments?post=16"}],"version-history":[{"count":6,"href":"https:\/\/cavagnolo.exocod.dev\/en\/wp-json\/wp\/v2\/pages\/16\/revisions"}],"predecessor-version":[{"id":57,"href":"https:\/\/cavagnolo.exocod.dev\/en\/wp-json\/wp\/v2\/pages\/16\/revisions\/57"}],"wp:attachment":[{"href":"https:\/\/cavagnolo.exocod.dev\/en\/wp-json\/wp\/v2\/media?parent=16"}],"curies":[{"name":"wp","href":"https:\/\/api.w.org\/{rel}","templated":true}]}}